{"id":82,"date":"2020-10-30T19:49:45","date_gmt":"2020-10-30T18:49:45","guid":{"rendered":"http:\/\/gael-paysages.aubrindarcy.com\/?page_id=82"},"modified":"2020-10-31T00:17:00","modified_gmt":"2020-10-30T23:17:00","slug":"50-reduction-dimpots","status":"publish","type":"page","link":"https:\/\/gael-paysages.com\/?page_id=82","title":{"rendered":"R\u00e9duction &#038; cr\u00e9dit d&rsquo;imp\u00f4ts"},"content":{"rendered":"\n<div class=\"wp-block-jetpack-tiled-gallery aligncenter is-style-rectangular\"><div class=\"tiled-gallery__gallery\"><div class=\"tiled-gallery__row\"><div class=\"tiled-gallery__col\" style=\"flex-basis:41.45480918995336%\"><figure class=\"tiled-gallery__item\"><img decoding=\"async\" alt=\"\" data-height=\"640\" data-id=\"118\" data-link=\"http:\/\/gael-paysages.aubrindarcy.com\/index.php\/50-reduction-dimpots\/banniere-verticale\/\" data-url=\"http:\/\/gael-paysages.aubrindarcy.com\/wp-content\/uploads\/2020\/10\/Banniere-verticale.jpg\" data-width=\"320\" src=\"https:\/\/i0.wp.com\/gael-paysages.aubrindarcy.com\/wp-content\/uploads\/2020\/10\/Banniere-verticale.jpg\" layout=\"responsive\"\/><\/figure><\/div><div class=\"tiled-gallery__col\" style=\"flex-basis:58.545190810046634%\"><figure class=\"tiled-gallery__item\"><img decoding=\"async\" alt=\"\" data-height=\"1169\" data-id=\"119\" data-link=\"http:\/\/gael-paysages.aubrindarcy.com\/index.php\/50-reduction-dimpots\/fiche-des-prestations-des-petits-travaux-de-jardinage\/\" data-url=\"http:\/\/gael-paysages.aubrindarcy.com\/wp-content\/uploads\/2020\/10\/Fiche-des-prestations-des-petits-travaux-de-jardinage.jpg\" data-width=\"826\" src=\"https:\/\/i2.wp.com\/gael-paysages.aubrindarcy.com\/wp-content\/uploads\/2020\/10\/Fiche-des-prestations-des-petits-travaux-de-jardinage.jpg\" layout=\"responsive\"\/><\/figure><\/div><\/div><\/div><\/div>\n","protected":false},"excerpt":{"rendered":"","protected":false},"author":1,"featured_media":0,"parent":0,"menu_order":0,"comment_status":"closed","ping_status":"closed","template":"","meta":{"footnotes":""},"_links":{"self":[{"href":"https:\/\/gael-paysages.com\/index.php?rest_route=\/wp\/v2\/pages\/82"}],"collection":[{"href":"https:\/\/gael-paysages.com\/index.php?rest_route=\/wp\/v2\/pages"}],"about":[{"href":"https:\/\/gael-paysages.com\/index.php?rest_route=\/wp\/v2\/types\/page"}],"author":[{"embeddable":true,"href":"https:\/\/gael-paysages.com\/index.php?rest_route=\/wp\/v2\/users\/1"}],"replies":[{"embeddable":true,"href":"https:\/\/gael-paysages.com\/index.php?rest_route=%2Fwp%2Fv2%2Fcomments&post=82"}],"version-history":[{"count":5,"href":"https:\/\/gael-paysages.com\/index.php?rest_route=\/wp\/v2\/pages\/82\/revisions"}],"predecessor-version":[{"id":143,"href":"https:\/\/gael-paysages.com\/index.php?rest_route=\/wp\/v2\/pages\/82\/revisions\/143"}],"wp:attachment":[{"href":"https:\/\/gael-paysages.com\/index.php?rest_route=%2Fwp%2Fv2%2Fmedia&parent=82"}],"curies":[{"name":"wp","href":"https:\/\/api.w.org\/{rel}","templated":true}]}}