{"id":80,"date":"2020-10-30T19:49:45","date_gmt":"2020-10-30T18:49:45","guid":{"rendered":"http:\/\/gael-paysages.aubrindarcy.com\/?page_id=80"},"modified":"2020-10-30T21:02:55","modified_gmt":"2020-10-30T20:02:55","slug":"les-moutons","status":"publish","type":"page","link":"https:\/\/gael-paysages.com\/?page_id=80","title":{"rendered":"Nos Moutons"},"content":{"rendered":"\n<figure class=\"wp-block-image size-large is-style-default\"><img loading=\"lazy\" decoding=\"async\" width=\"640\" height=\"436\" src=\"http:\/\/gael-paysages.aubrindarcy.com\/wp-content\/uploads\/2020\/10\/Eco-paturage_1.jpg\" alt=\"\" class=\"wp-image-94\" srcset=\"https:\/\/www.gael-paysages.com\/wp-content\/uploads\/2020\/10\/Eco-paturage_1.jpg 640w, https:\/\/www.gael-paysages.com\/wp-content\/uploads\/2020\/10\/Eco-paturage_1-300x204.jpg 300w, https:\/\/www.gael-paysages.com\/wp-content\/uploads\/2020\/10\/Eco-paturage_1-350x238.jpg 350w\" sizes=\"(max-width: 640px) 100vw, 640px\" \/><\/figure>\n\n\n\n<div class=\"wp-block-media-text alignwide is-stacked-on-mobile\" style=\"grid-template-columns:77% auto\"><figure class=\"wp-block-media-text__media\"><img loading=\"lazy\" decoding=\"async\" width=\"960\" height=\"540\" src=\"http:\/\/gael-paysages.aubrindarcy.com\/wp-content\/uploads\/2020\/10\/Eco-paturage_2.jpg\" alt=\"\" class=\"wp-image-96\" srcset=\"https:\/\/www.gael-paysages.com\/wp-content\/uploads\/2020\/10\/Eco-paturage_2.jpg 960w, https:\/\/www.gael-paysages.com\/wp-content\/uploads\/2020\/10\/Eco-paturage_2-300x169.jpg 300w, https:\/\/www.gael-paysages.com\/wp-content\/uploads\/2020\/10\/Eco-paturage_2-768x432.jpg 768w, https:\/\/www.gael-paysages.com\/wp-content\/uploads\/2020\/10\/Eco-paturage_2-350x197.jpg 350w\" sizes=\"(max-width: 767px) 89vw, (max-width: 1000px) 54vw, (max-width: 1071px) 543px, 580px\" \/><\/figure><div class=\"wp-block-media-text__content\">\n<p class=\"has-small-font-size\"><em>Mr Olivier Marcouyoux (Jardinier Berger),<\/em><br><em>Mr Demassiet (Maire adjoint en charge de l&rsquo;Environnement),<\/em><br><em>Mr Benassaya (Maire de la ville de Bois d&rsquo;Acy),<\/em><br><em>Mr Ga\u00ebl Changivy<\/em><\/p>\n<\/div><\/div>\n\n\n\n<p>Ga\u00ebl Paysages se lance dans l&rsquo;\u00c9co-P\u00e2turage !<\/p>\n\n\n\n<p>En effet, comme vous avez pu le constater sur les photos nous avons implant\u00e9 des moutons dans la ville. Tout a commenc\u00e9 par une demande publique&nbsp;de la ville de Bois d&rsquo;Arcy. Dans cette demande elle expliquait son souhait d&rsquo;entretenir des espaces naturels prot\u00e9g\u00e9s.&nbsp;<\/p>\n\n\n\n<p>Nous avons r\u00e9pondu \u00e0 cette demande en collaboration avec Mr Olivier Marcouyoux jardinier Berger. Cela concernait deux sites de la ville ; La ZNIEFF (Zone Naturel d\u2019Int\u00e9r\u00eat \u00c9cologique Faunistique et Floristique) &nbsp;ce site se trouve le long d&rsquo;un bassin dans le quartier de la Croix Bonnet et \u00e9galement chemin de la Rang\u00e9e.&nbsp;<\/p>\n\n\n\n<p>C&rsquo;est le Samedi 10 Juin lors de la \u00ab\u00a0F\u00eate de la Nature\u00a0\u00bb que les moutons sont arriv\u00e9s au plus grand bonheur des citoyens de la ville. Pour ce faire une transhumance a eu lieu du centre technique municipal \u00e0 la ZNIEFF. Leur cheminement s&rsquo;est bien d\u00e9roul\u00e9 entour\u00e9 des \u00e9lus locaux, de leur berger Olivier mais \u00e9galement de notre \u00e9quipe.\u00a0<\/p>\n\n\n\n<figure class=\"wp-block-image size-large is-style-default\"><img loading=\"lazy\" decoding=\"async\" width=\"1024\" height=\"576\" src=\"http:\/\/gael-paysages.aubrindarcy.com\/wp-content\/uploads\/2020\/10\/Eco-paturage_3-1024x576.jpg\" alt=\"\" class=\"wp-image-97\" srcset=\"https:\/\/www.gael-paysages.com\/wp-content\/uploads\/2020\/10\/Eco-paturage_3-1024x576.jpg 1024w, https:\/\/www.gael-paysages.com\/wp-content\/uploads\/2020\/10\/Eco-paturage_3-300x169.jpg 300w, https:\/\/www.gael-paysages.com\/wp-content\/uploads\/2020\/10\/Eco-paturage_3-768x432.jpg 768w, https:\/\/www.gael-paysages.com\/wp-content\/uploads\/2020\/10\/Eco-paturage_3-350x197.jpg 350w, https:\/\/www.gael-paysages.com\/wp-content\/uploads\/2020\/10\/Eco-paturage_3.jpg 1280w\" sizes=\"(max-width: 767px) 89vw, (max-width: 1000px) 54vw, (max-width: 1071px) 543px, 580px\" \/><\/figure>\n","protected":false},"excerpt":{"rendered":"<p>Mr Olivier Marcouyoux (Jardinier Berger),Mr Demassiet (Maire adjoint en charge de l&rsquo;Environnement),Mr Benassaya (Maire de la ville de Bois d&rsquo;Acy),Mr Ga\u00ebl Changivy Ga\u00ebl Paysages se lance dans l&rsquo;\u00c9co-P\u00e2turage ! En effet, comme vous avez pu le constater sur les photos nous avons implant\u00e9 des moutons dans la ville. Tout a commenc\u00e9 par une demande publique&nbsp;de &hellip; <\/p>\n<p class=\"link-more\"><a href=\"https:\/\/gael-paysages.com\/?page_id=80\" class=\"more-link\">Continuer la lecture<span class=\"screen-reader-text\"> de &laquo;&nbsp;Nos Moutons&nbsp;&raquo;<\/span><\/a><\/p>\n","protected":false},"author":1,"featured_media":0,"parent":0,"menu_order":0,"comment_status":"closed","ping_status":"closed","template":"","meta":{"footnotes":""},"_links":{"self":[{"href":"https:\/\/gael-paysages.com\/index.php?rest_route=\/wp\/v2\/pages\/80"}],"collection":[{"href":"https:\/\/gael-paysages.com\/index.php?rest_route=\/wp\/v2\/pages"}],"about":[{"href":"https:\/\/gael-paysages.com\/index.php?rest_route=\/wp\/v2\/types\/page"}],"author":[{"embeddable":true,"href":"https:\/\/gael-paysages.com\/index.php?rest_route=\/wp\/v2\/users\/1"}],"replies":[{"embeddable":true,"href":"https:\/\/gael-paysages.com\/index.php?rest_route=%2Fwp%2Fv2%2Fcomments&post=80"}],"version-history":[{"count":3,"href":"https:\/\/gael-paysages.com\/index.php?rest_route=\/wp\/v2\/pages\/80\/revisions"}],"predecessor-version":[{"id":99,"href":"https:\/\/gael-paysages.com\/index.php?rest_route=\/wp\/v2\/pages\/80\/revisions\/99"}],"wp:attachment":[{"href":"https:\/\/gael-paysages.com\/index.php?rest_route=%2Fwp%2Fv2%2Fmedia&parent=80"}],"curies":[{"name":"wp","href":"https:\/\/api.w.org\/{rel}","templated":true}]}}