{"id":60,"date":"2020-10-30T08:04:15","date_gmt":"2020-10-30T07:04:15","guid":{"rendered":"http:\/\/gael-paysages.aubrindarcy.com\/?page_id=60"},"modified":"2022-10-09T18:24:29","modified_gmt":"2022-10-09T16:24:29","slug":"au-brin-darcy","status":"publish","type":"page","link":"https:\/\/gael-paysages.com\/?page_id=60","title":{"rendered":"Notre boutique florale \u00ab\u00a0Au Brin d&rsquo;Arcy\u00a0\u00bb"},"content":{"rendered":"\n<div class=\"wp-block-media-text alignwide is-stacked-on-mobile\"><figure class=\"wp-block-media-text__media\"><a href=\"https:\/\/aubrindarcy.com\"><img loading=\"lazy\" decoding=\"async\" width=\"475\" height=\"765\" src=\"http:\/\/gael-paysages.aubrindarcy.com\/wp-content\/uploads\/2020\/10\/Fiche-OBdA.png\" alt=\"Au Brin d'Arcy\" class=\"wp-image-57 size-full\" srcset=\"https:\/\/www.gael-paysages.com\/wp-content\/uploads\/2020\/10\/Fiche-OBdA.png 475w, https:\/\/www.gael-paysages.com\/wp-content\/uploads\/2020\/10\/Fiche-OBdA-186x300.png 186w, https:\/\/www.gael-paysages.com\/wp-content\/uploads\/2020\/10\/Fiche-OBdA-350x564.png 350w\" sizes=\"(max-width: 475px) 100vw, 475px\" \/><\/a><\/figure><div class=\"wp-block-media-text__content\">\n<p>Marquez les instants de votre vie avec des fleurs&nbsp;!<\/p>\n\n\n\n<p class=\"has-normal-font-size\">L&rsquo;\u00e9quipe GA\u00cbL PAYSAGES par son savoir-faire artistique et floral, vous offrira toujours une prestation de grande qualit\u00e9.<\/p>\n\n\n\n<p class=\"has-normal-font-size\">Venez d\u00e9couvrir notre boutique de fleurs \u00ab\u00a0<strong>AU BRIN D&rsquo;ARCY<\/strong>\u00a0\u00bb situ\u00e9e au&nbsp;<a rel=\"noreferrer noopener\" href=\"https:\/\/goo.gl\/maps\/Rq8umBNjGzz\" target=\"_blank\">43 avenue Paul Vaillant Couturier \u00e0 Bois d&rsquo;Arcy<\/a>&nbsp;(pr\u00e8s de \u00ab\u00a0Esprit Zen\u00a0\u00bb, \u00ab\u00a0Le Bois d\u2019Arcy\u00a0\u00bb, \u00ab\u00a0Saliba\u00a0\u00bb)&nbsp;<\/p>\n\n\n\n<p>Et avec notre partenaire&nbsp;<strong>L&rsquo;Agitateur Floral<\/strong>, nous pourrons&nbsp;\u00e9galement&nbsp;faire&nbsp;livrer vos compositions florales&nbsp;partout en&nbsp;France et dans le monde entier !<\/p>\n<\/div><\/div>\n\n\n\n<figure class=\"wp-block-image size-large\"><img loading=\"lazy\" decoding=\"async\" width=\"612\" height=\"408\" src=\"http:\/\/gael-paysages.aubrindarcy.com\/wp-content\/uploads\/2020\/11\/Devanture-OBdA-WhatsApp-LD.png\" alt=\"\" class=\"wp-image-140\" srcset=\"https:\/\/www.gael-paysages.com\/wp-content\/uploads\/2020\/11\/Devanture-OBdA-WhatsApp-LD.png 612w, https:\/\/www.gael-paysages.com\/wp-content\/uploads\/2020\/11\/Devanture-OBdA-WhatsApp-LD-300x200.png 300w, https:\/\/www.gael-paysages.com\/wp-content\/uploads\/2020\/11\/Devanture-OBdA-WhatsApp-LD-350x233.png 350w\" sizes=\"(max-width: 612px) 100vw, 612px\" \/><\/figure>\n\n\n\n<p class=\"has-normal-font-size\">Nous vous attendons AU BRIN D&rsquo;ARCY avec impatience pour partager des moments de plaisir et notre passion.<\/p>\n\n\n\n<p class=\"has-normal-font-size\">Laissez nous vos impressions sur notre page&nbsp;<a rel=\"noreferrer noopener\" href=\"https:\/\/www.facebook.com\/AuBrindArcy\/\" target=\"_blank\">Facebook<\/a><\/p>\n\n\n\n<figure class=\"wp-block-image size-large\"><a href=\"https:\/\/www.acces-sap.fr\/deduction-fiscale\/trouver-un-jardinier-paysagiste-sap\/\"><img loading=\"lazy\" decoding=\"async\" width=\"728\" height=\"90\" src=\"http:\/\/gael-paysages.aubrindarcy.com\/wp-content\/uploads\/2020\/10\/Banniere-Large-1.jpg\" alt=\"\" class=\"wp-image-122\" srcset=\"https:\/\/www.gael-paysages.com\/wp-content\/uploads\/2020\/10\/Banniere-Large-1.jpg 728w, https:\/\/www.gael-paysages.com\/wp-content\/uploads\/2020\/10\/Banniere-Large-1-300x37.jpg 300w, https:\/\/www.gael-paysages.com\/wp-content\/uploads\/2020\/10\/Banniere-Large-1-350x43.jpg 350w\" sizes=\"(max-width: 728px) 100vw, 728px\" \/><\/a><\/figure>\n\n\n\n<p><\/p>\n","protected":false},"excerpt":{"rendered":"<p>Marquez les instants de votre vie avec des fleurs&nbsp;! L&rsquo;\u00e9quipe GA\u00cbL PAYSAGES par son savoir-faire artistique et floral, vous offrira toujours une prestation de grande qualit\u00e9. Venez d\u00e9couvrir notre boutique de fleurs \u00ab\u00a0AU BRIN D&rsquo;ARCY\u00a0\u00bb situ\u00e9e au&nbsp;43 avenue Paul Vaillant Couturier \u00e0 Bois d&rsquo;Arcy&nbsp;(pr\u00e8s de \u00ab\u00a0Esprit Zen\u00a0\u00bb, \u00ab\u00a0Le Bois d\u2019Arcy\u00a0\u00bb, \u00ab\u00a0Saliba\u00a0\u00bb)&nbsp; Et avec notre partenaire&nbsp;L&rsquo;Agitateur &hellip; <\/p>\n<p class=\"link-more\"><a href=\"https:\/\/gael-paysages.com\/?page_id=60\" class=\"more-link\">Continuer la lecture<span class=\"screen-reader-text\"> de &laquo;&nbsp;Notre boutique florale \u00ab\u00a0Au Brin d&rsquo;Arcy\u00a0\u00bb&nbsp;&raquo;<\/span><\/a><\/p>\n","protected":false},"author":1,"featured_media":0,"parent":0,"menu_order":0,"comment_status":"closed","ping_status":"closed","template":"","meta":{"footnotes":""},"_links":{"self":[{"href":"https:\/\/gael-paysages.com\/index.php?rest_route=\/wp\/v2\/pages\/60"}],"collection":[{"href":"https:\/\/gael-paysages.com\/index.php?rest_route=\/wp\/v2\/pages"}],"about":[{"href":"https:\/\/gael-paysages.com\/index.php?rest_route=\/wp\/v2\/types\/page"}],"author":[{"embeddable":true,"href":"https:\/\/gael-paysages.com\/index.php?rest_route=\/wp\/v2\/users\/1"}],"replies":[{"embeddable":true,"href":"https:\/\/gael-paysages.com\/index.php?rest_route=%2Fwp%2Fv2%2Fcomments&post=60"}],"version-history":[{"count":7,"href":"https:\/\/gael-paysages.com\/index.php?rest_route=\/wp\/v2\/pages\/60\/revisions"}],"predecessor-version":[{"id":194,"href":"https:\/\/gael-paysages.com\/index.php?rest_route=\/wp\/v2\/pages\/60\/revisions\/194"}],"wp:attachment":[{"href":"https:\/\/gael-paysages.com\/index.php?rest_route=%2Fwp%2Fv2%2Fmedia&parent=60"}],"curies":[{"name":"wp","href":"https:\/\/api.w.org\/{rel}","templated":true}]}}