{"id":33,"date":"2020-04-28T17:26:14","date_gmt":"2020-04-28T15:26:14","guid":{"rendered":"http:\/\/gael-paysages.aubrindarcy.com\/?page_id=33"},"modified":"2020-11-11T19:36:41","modified_gmt":"2020-11-11T18:36:41","slug":"au-service-des-entreprises-et-des-particuliers","status":"publish","type":"page","link":"https:\/\/gael-paysages.com\/","title":{"rendered":"Nos R\u00e9alisations &#038; Prestations"},"content":{"rendered":"\n<div class=\"wp-block-group\"><div class=\"wp-block-group__inner-container is-layout-flow wp-block-group-is-layout-flow\">\n<div class=\"wp-block-group\"><div class=\"wp-block-group__inner-container is-layout-flow wp-block-group-is-layout-flow\">\n<div class=\"wp-block-image\"><figure class=\"aligncenter size-large is-resized\"><a href=\"https:\/\/www.acces-sap.fr\/deduction-fiscale\/trouver-un-jardinier-paysagiste-sap\/\"><img loading=\"lazy\" decoding=\"async\" src=\"http:\/\/gael-paysages.aubrindarcy.com\/wp-content\/uploads\/2020\/10\/50-reduc-impot.gif\" alt=\"\" class=\"wp-image-69\" width=\"668\" height=\"86\"\/><\/a><figcaption>Gr\u00e2ce \u00e0 notre partenariat avec ACCES SAP, b\u00e9n\u00e9ficier de 50%* de d\u00e9duction fiscale pour vos travaux  de jardinage<\/figcaption><\/figure><\/div>\n<\/div><\/div>\n<\/div><\/div>\n\n\n\n<div class=\"wp-block-group\"><div class=\"wp-block-group__inner-container is-layout-flow wp-block-group-is-layout-flow\">\n<div class=\"wp-block-columns is-layout-flex wp-container-core-columns-layout-1 wp-block-columns-is-layout-flex\">\n<div class=\"wp-block-column is-layout-flow wp-block-column-is-layout-flow\">\n<div class=\"wp-block-group\"><div class=\"wp-block-group__inner-container is-layout-flow wp-block-group-is-layout-flow\">\n<div class=\"wp-block-jetpack-tiled-gallery aligncenter is-style-rectangular\"><div class=\"tiled-gallery__gallery\"><div class=\"tiled-gallery__row\"><div class=\"tiled-gallery__col\" style=\"flex-basis:66.88241639697951%\"><figure class=\"tiled-gallery__item\"><img decoding=\"async\" alt=\"\" data-height=\"114\" data-id=\"48\" data-link=\"http:\/\/gael-paysages.aubrindarcy.com\/index.php\/au-service-des-entreprises-et-des-particuliers\/carroussel_7\/\" data-url=\"http:\/\/gael-paysages.aubrindarcy.com\/wp-content\/uploads\/2020\/10\/Carroussel_7.jpg\" data-width=\"114\" src=\"https:\/\/i2.wp.com\/gael-paysages.aubrindarcy.com\/wp-content\/uploads\/2020\/10\/Carroussel_7.jpg\" layout=\"responsive\"\/><\/figure><\/div><div class=\"tiled-gallery__col\" style=\"flex-basis:33.11758360302049%\"><figure class=\"tiled-gallery__item\"><img decoding=\"async\" alt=\"\" data-height=\"114\" data-id=\"47\" data-link=\"http:\/\/gael-paysages.aubrindarcy.com\/index.php\/au-service-des-entreprises-et-des-particuliers\/carroussel_6\/\" data-url=\"http:\/\/gael-paysages.aubrindarcy.com\/wp-content\/uploads\/2020\/10\/Carroussel_6.jpg\" data-width=\"114\" src=\"https:\/\/i2.wp.com\/gael-paysages.aubrindarcy.com\/wp-content\/uploads\/2020\/10\/Carroussel_6.jpg\" layout=\"responsive\"\/><\/figure><figure class=\"tiled-gallery__item\"><img decoding=\"async\" alt=\"\" data-height=\"114\" data-id=\"46\" data-link=\"http:\/\/gael-paysages.aubrindarcy.com\/index.php\/au-service-des-entreprises-et-des-particuliers\/carroussel_5\/\" data-url=\"http:\/\/gael-paysages.aubrindarcy.com\/wp-content\/uploads\/2020\/10\/Carroussel_5.jpg\" data-width=\"114\" src=\"https:\/\/i1.wp.com\/gael-paysages.aubrindarcy.com\/wp-content\/uploads\/2020\/10\/Carroussel_5.jpg\" layout=\"responsive\"\/><\/figure><\/div><\/div><div class=\"tiled-gallery__row\"><div class=\"tiled-gallery__col\" style=\"flex-basis:33.11758360302049%\"><figure class=\"tiled-gallery__item\"><img decoding=\"async\" alt=\"\" data-height=\"114\" data-id=\"45\" data-link=\"http:\/\/gael-paysages.aubrindarcy.com\/index.php\/au-service-des-entreprises-et-des-particuliers\/carroussel_4\/\" data-url=\"http:\/\/gael-paysages.aubrindarcy.com\/wp-content\/uploads\/2020\/10\/Carroussel_4.jpg\" data-width=\"114\" src=\"https:\/\/i2.wp.com\/gael-paysages.aubrindarcy.com\/wp-content\/uploads\/2020\/10\/Carroussel_4.jpg\" layout=\"responsive\"\/><\/figure><figure class=\"tiled-gallery__item\"><img decoding=\"async\" alt=\"\" data-height=\"114\" data-id=\"44\" data-link=\"http:\/\/gael-paysages.aubrindarcy.com\/index.php\/au-service-des-entreprises-et-des-particuliers\/carroussel_3\/\" data-url=\"http:\/\/gael-paysages.aubrindarcy.com\/wp-content\/uploads\/2020\/10\/Carroussel_3.jpg\" data-width=\"114\" src=\"https:\/\/i1.wp.com\/gael-paysages.aubrindarcy.com\/wp-content\/uploads\/2020\/10\/Carroussel_3.jpg\" layout=\"responsive\"\/><\/figure><\/div><div class=\"tiled-gallery__col\" style=\"flex-basis:66.88241639697951%\"><figure class=\"tiled-gallery__item\"><img decoding=\"async\" alt=\"\" data-height=\"114\" data-id=\"51\" data-link=\"http:\/\/gael-paysages.aubrindarcy.com\/index.php\/au-service-des-entreprises-et-des-particuliers\/carroussel_10\/\" data-url=\"http:\/\/gael-paysages.aubrindarcy.com\/wp-content\/uploads\/2020\/10\/Carroussel_10.jpg\" data-width=\"114\" src=\"https:\/\/i1.wp.com\/gael-paysages.aubrindarcy.com\/wp-content\/uploads\/2020\/10\/Carroussel_10.jpg\" layout=\"responsive\"\/><\/figure><\/div><\/div><div class=\"tiled-gallery__row\"><div class=\"tiled-gallery__col\" style=\"flex-basis:33.33333333333333%\"><figure class=\"tiled-gallery__item\"><img decoding=\"async\" alt=\"\" data-height=\"114\" data-id=\"52\" data-link=\"http:\/\/gael-paysages.aubrindarcy.com\/index.php\/au-service-des-entreprises-et-des-particuliers\/carroussel_11\/\" data-url=\"http:\/\/gael-paysages.aubrindarcy.com\/wp-content\/uploads\/2020\/10\/Carroussel_11.jpg\" data-width=\"114\" src=\"https:\/\/i1.wp.com\/gael-paysages.aubrindarcy.com\/wp-content\/uploads\/2020\/10\/Carroussel_11.jpg\" layout=\"responsive\"\/><\/figure><\/div><div class=\"tiled-gallery__col\" style=\"flex-basis:33.33333333333333%\"><figure class=\"tiled-gallery__item\"><img decoding=\"async\" alt=\"\" data-height=\"114\" data-id=\"49\" data-link=\"http:\/\/gael-paysages.aubrindarcy.com\/index.php\/au-service-des-entreprises-et-des-particuliers\/carroussel_8\/\" data-url=\"http:\/\/gael-paysages.aubrindarcy.com\/wp-content\/uploads\/2020\/10\/Carroussel_8.jpg\" data-width=\"114\" src=\"https:\/\/i1.wp.com\/gael-paysages.aubrindarcy.com\/wp-content\/uploads\/2020\/10\/Carroussel_8.jpg\" layout=\"responsive\"\/><\/figure><\/div><div class=\"tiled-gallery__col\" style=\"flex-basis:33.33333333333333%\"><figure class=\"tiled-gallery__item\"><img decoding=\"async\" alt=\"\" data-height=\"114\" data-id=\"43\" data-link=\"http:\/\/gael-paysages.aubrindarcy.com\/index.php\/au-service-des-entreprises-et-des-particuliers\/carroussel_2\/\" data-url=\"http:\/\/gael-paysages.aubrindarcy.com\/wp-content\/uploads\/2020\/10\/Carroussel_2.jpg\" data-width=\"114\" src=\"https:\/\/i0.wp.com\/gael-paysages.aubrindarcy.com\/wp-content\/uploads\/2020\/10\/Carroussel_2.jpg\" layout=\"responsive\"\/><\/figure><\/div><\/div><\/div><\/div>\n<\/div><\/div>\n\n\n\n<p class=\"has-text-align-justify\">En v\u00e9ritable architecte d&rsquo;ext\u00e9rieur, nous&nbsp;modelons vos espaces verts&nbsp;en faisant&nbsp;appel \u00e0 notre&nbsp;cr\u00e9ativit\u00e9 sans perdre le sens des r\u00e9alit\u00e9s&nbsp;et dans l&rsquo;objectif d&rsquo;am\u00e9liorer votre cadre de vie.<br>Cr\u00e9ateur et concepteur de jardins, nous pouvons&nbsp;dessiner et&nbsp;r\u00e9aliser le jardin dont vous r\u00eavez, \u00e0 la recherche d&rsquo;un design inventif, innovant et de qualit\u00e9.<\/p>\n<\/div>\n\n\n\n<div class=\"wp-block-column is-layout-flow wp-block-column-is-layout-flow\">\n<figure class=\"wp-block-image size-large\"><img loading=\"lazy\" decoding=\"async\" width=\"640\" height=\"427\" src=\"http:\/\/gael-paysages.aubrindarcy.com\/wp-content\/uploads\/2020\/10\/Nos-prestations_1.jpg\" alt=\"\" class=\"wp-image-58\" srcset=\"https:\/\/www.gael-paysages.com\/wp-content\/uploads\/2020\/10\/Nos-prestations_1.jpg 640w, https:\/\/www.gael-paysages.com\/wp-content\/uploads\/2020\/10\/Nos-prestations_1-300x200.jpg 300w, https:\/\/www.gael-paysages.com\/wp-content\/uploads\/2020\/10\/Nos-prestations_1-350x234.jpg 350w\" sizes=\"(max-width: 640px) 100vw, 640px\" \/><\/figure>\n\n\n\n<p class=\"has-text-align-justify\">Entretien de parcs et jardins (tonte, \u00e9lagage, taille, entretien\u00a0de massifs). <br>Sp\u00e9cialis\u00e9 dans l&rsquo;am\u00e9nagement ext\u00e9rieur (dallage, murets, pavage, cl\u00f4ture, terrasse bois, arrosage automatique, engazonnement, plantations, am\u00e9nagements d&rsquo;abords de piscine , &#8230; ) <br>Cr\u00e9ation paysag\u00e8re et conception de jardins.<\/p>\n<\/div>\n<\/div>\n<\/div><\/div>\n","protected":false},"excerpt":{"rendered":"<p>En v\u00e9ritable architecte d&rsquo;ext\u00e9rieur, nous&nbsp;modelons vos espaces verts&nbsp;en faisant&nbsp;appel \u00e0 notre&nbsp;cr\u00e9ativit\u00e9 sans perdre le sens des r\u00e9alit\u00e9s&nbsp;et dans l&rsquo;objectif d&rsquo;am\u00e9liorer votre cadre de vie.Cr\u00e9ateur et concepteur de jardins, nous pouvons&nbsp;dessiner et&nbsp;r\u00e9aliser le jardin dont vous r\u00eavez, \u00e0 la recherche d&rsquo;un design inventif, innovant et de qualit\u00e9. Entretien de parcs et jardins (tonte, \u00e9lagage, taille, entretien\u00a0de &hellip; <\/p>\n<p class=\"link-more\"><a href=\"https:\/\/gael-paysages.com\/\" class=\"more-link\">Continuer la lecture<span class=\"screen-reader-text\"> de &laquo;&nbsp;Nos R\u00e9alisations &#038; Prestations&nbsp;&raquo;<\/span><\/a><\/p>\n","protected":false},"author":1,"featured_media":0,"parent":0,"menu_order":0,"comment_status":"closed","ping_status":"closed","template":"","meta":{"footnotes":""},"_links":{"self":[{"href":"https:\/\/gael-paysages.com\/index.php?rest_route=\/wp\/v2\/pages\/33"}],"collection":[{"href":"https:\/\/gael-paysages.com\/index.php?rest_route=\/wp\/v2\/pages"}],"about":[{"href":"https:\/\/gael-paysages.com\/index.php?rest_route=\/wp\/v2\/types\/page"}],"author":[{"embeddable":true,"href":"https:\/\/gael-paysages.com\/index.php?rest_route=\/wp\/v2\/users\/1"}],"replies":[{"embeddable":true,"href":"https:\/\/gael-paysages.com\/index.php?rest_route=%2Fwp%2Fv2%2Fcomments&post=33"}],"version-history":[{"count":13,"href":"https:\/\/gael-paysages.com\/index.php?rest_route=\/wp\/v2\/pages\/33\/revisions"}],"predecessor-version":[{"id":137,"href":"https:\/\/gael-paysages.com\/index.php?rest_route=\/wp\/v2\/pages\/33\/revisions\/137"}],"wp:attachment":[{"href":"https:\/\/gael-paysages.com\/index.php?rest_route=%2Fwp%2Fv2%2Fmedia&parent=33"}],"curies":[{"name":"wp","href":"https:\/\/api.w.org\/{rel}","templated":true}]}}