{"id":210,"date":"2022-10-09T21:25:51","date_gmt":"2022-10-09T19:25:51","guid":{"rendered":"http:\/\/www.gael-paysages.com\/?page_id=210"},"modified":"2022-10-09T21:46:49","modified_gmt":"2022-10-09T19:46:49","slug":"actualites","status":"publish","type":"page","link":"https:\/\/gael-paysages.com\/?page_id=210","title":{"rendered":"Actualit\u00e9s"},"content":{"rendered":"\n<div class=\"wp-block-media-text alignwide is-stacked-on-mobile\"><figure class=\"wp-block-media-text__media\"><img loading=\"lazy\" decoding=\"async\" width=\"538\" height=\"736\" src=\"http:\/\/www.gael-paysages.com\/wp-content\/uploads\/2022\/10\/Flyer-terrasse-final.png\" alt=\"\" class=\"wp-image-214 size-full\" srcset=\"https:\/\/www.gael-paysages.com\/wp-content\/uploads\/2022\/10\/Flyer-terrasse-final.png 538w, https:\/\/www.gael-paysages.com\/wp-content\/uploads\/2022\/10\/Flyer-terrasse-final-219x300.png 219w\" sizes=\"(max-width: 538px) 100vw, 538px\" \/><\/figure><div class=\"wp-block-media-text__content\">\n<p>Une envie de verdure qui perdure ?<\/p>\n\n\n\n<p>Vous avez un projet de terrasse ? <\/p>\n\n\n\n<p>Une terrasse \u00e0 entretenir ou \u00e0 am\u00e9nager ?<\/p>\n\n\n\n<p>Nous mettons notre expertise \u00e0 votre service pour vous conseiller au mieux<\/p>\n\n\n\n<p>N\u2019h\u00e9sitez pas \u00e0 nous contacter.<br>Au plaisir de vous rencontrer !<\/p>\n<\/div><\/div>\n\n\n\n<p><\/p>\n","protected":false},"excerpt":{"rendered":"<p>Une envie de verdure qui perdure ? Vous avez un projet de terrasse ? Une terrasse \u00e0 entretenir ou \u00e0 am\u00e9nager ? Nous mettons notre expertise \u00e0 votre service pour vous conseiller au mieux N\u2019h\u00e9sitez pas \u00e0 nous contacter.Au plaisir de vous rencontrer !<\/p>\n","protected":false},"author":1,"featured_media":0,"parent":0,"menu_order":0,"comment_status":"closed","ping_status":"open","template":"","meta":{"footnotes":""},"_links":{"self":[{"href":"https:\/\/gael-paysages.com\/index.php?rest_route=\/wp\/v2\/pages\/210"}],"collection":[{"href":"https:\/\/gael-paysages.com\/index.php?rest_route=\/wp\/v2\/pages"}],"about":[{"href":"https:\/\/gael-paysages.com\/index.php?rest_route=\/wp\/v2\/types\/page"}],"author":[{"embeddable":true,"href":"https:\/\/gael-paysages.com\/index.php?rest_route=\/wp\/v2\/users\/1"}],"replies":[{"embeddable":true,"href":"https:\/\/gael-paysages.com\/index.php?rest_route=%2Fwp%2Fv2%2Fcomments&post=210"}],"version-history":[{"count":3,"href":"https:\/\/gael-paysages.com\/index.php?rest_route=\/wp\/v2\/pages\/210\/revisions"}],"predecessor-version":[{"id":215,"href":"https:\/\/gael-paysages.com\/index.php?rest_route=\/wp\/v2\/pages\/210\/revisions\/215"}],"wp:attachment":[{"href":"https:\/\/gael-paysages.com\/index.php?rest_route=%2Fwp%2Fv2%2Fmedia&parent=210"}],"curies":[{"name":"wp","href":"https:\/\/api.w.org\/{rel}","templated":true}]}}